{"id":2,"date":"2014-03-13T14:41:18","date_gmt":"2014-03-13T14:41:18","guid":{"rendered":"http:\/\/mallorca-fotos.info\/?page_id=2"},"modified":"2020-09-17T19:08:01","modified_gmt":"2020-09-17T17:08:01","slug":"beispiel-seite","status":"publish","type":"page","link":"https:\/\/mallorca-fotos.info\/?page_id=2","title":{"rendered":"Impressum"},"content":{"rendered":"<p class=\"bodytext\"><b>Udo Majewski<\/b><br>Cami de Establidors, 397<br>E-07141 Marratxi<\/p>\n<p><a href=\"http:\/\/mallorca-fotos.info\/?page_id=290\">Kontakt<\/a><\/p>\n<p class=\"bodytext\">Verantwortlicher f\u00fcr den Inhalt: Udo Majewski<\/p>\n<p>Diese Webpr\u00e4senz und alle Inhalte unterliegen nationalem und internationalem Recht. Jegliche Vervielf\u00e4ltigung, Weiterverbreitung, Ver\u00e4nderung oder jegliche sonstige Verwendung in egal welchem Medium im Ganzen oder in Teilen, bedarf der ausdr\u00fccklichen und schriftlichen Zustimmung des Seiteninhabers. Ausgenommen von dieser Regelung ist lediglich die Nutzung der Webpr\u00e4senz mit einem Webbrowser und das speichern und ausdrucken von Teilen der Webpr\u00e4senz zur nicht kommerziellen Eigennutzung im privaten Rahmen oder zur Kontaktaufnahme. Soweit die Inhalte auf dieser Seite nicht vom Seiteninhaber erstellt wurden, werden die Urheberrechte Dritter beachtet. Insbesondere werden Inhalte Dritter als solche gekennzeichnet. Sollten Sie trotzdem auf eine Urheberrechtsverletzung aufmerksam werden, bitten wir um einen entsprechenden Hinweis. Bei Bekanntwerden von Rechtsverletzungen werden wir derartige Inhalte umgehend entfernen.<\/p>\n<p class=\"bodytext\">Diese Seiten werden in regelm\u00e4\u00dfigen Abst\u00e4nden aktualisiert und \u00fcberpr\u00fcft. Eine Haftung oder Garantie f\u00fcr die Korrektheit, Vollst\u00e4ndigkeit oder Aktualit\u00e4t der bereitgestellten Informationen, Bilder, Pl\u00e4ne, Exposes, PDF-Dateien, etc. kann allerdings trotz gr\u00f6\u00dfter Sorgfalt bei der Einstellung der Daten nicht \u00fcbernommen werden. Die Wiedergabe rechtlicher Inhalte auf dieser Webpr\u00e4senz stellt keine Rechtsberatung dar und kann eine solche nicht ersetzen.<\/p>\n<p>Diese Webpr\u00e4senz enth\u00e4lt Hyperlinks zu externen Webseiten Dritter, auf deren Inhalte der Seitenbetreiber keinen Einfluss hat. Deshalb kann f\u00fcr diese fremden Inhalte auch keine Gew\u00e4hr \u00fcbernommen werden. F\u00fcr die Inhalte der verlinkten Seiten ist stets der jeweilige Anbieter oder Betreiber der Seiten verantwortlich. Die verlinkten Seiten wurden zum Zeitpunkt der Verlinkung auf m\u00f6gliche Rechtsverst\u00f6\u00dfe \u00fcberpr\u00fcft. Rechtswidrige Inhalte waren zum Zeitpunkt der Verlinkung nicht erkennbar. Eine permanente inhaltliche Kontrolle der verlinkten Seiten ist jedoch ohne konkrete Anhaltspunkte einer Rechtsverletzung nicht zumutbar. Bei Bekanntwerden von Rechtsverletzungen werden derartige Links aber umgehend entfernt.<\/p>\n<p class=\"bodytext\">Hinweise auf andere Unternehmen, Personen oder Produkte werden ohne jegliche Garantie gegeben. Der Seitenbetreiber haftet in keinem Fall f\u00fcr direkte, indirekte oder zuf\u00e4llige Sch\u00e4den jeglicher Art die durch entgangenen Nutzen, entgangene Daten, entgangenem Gewinn oder sonstiges bedingt sind, unabh\u00e4ngig davon, ob auf die M\u00f6glichkeit eines Schadens hingewiesen wurde oder nicht, oder f\u00fcr etwaige Verbindlichkeiten, die sich aus oder in Verbindung mit der Nutzung oder Benutzung der Informationen und Daten ergeben.<\/p>\n<p class=\"bodytext\">Die Nutzung unserer Webseite ist in der Regel ohne Angabe personenbezogener Daten m\u00f6glich. Soweit auf unseren Seiten personenbezogene Daten (beispielsweise Name, Anschrift oder e-Mail-Adressen) erhoben werden, erfolgt dies, soweit m\u00f6glich, stets auf freiwilliger Basis. Diese Daten werden unter keinen Umst\u00e4nden an unbeteiligte Dritte verkauft, verliehen oder anderweitig weitergegeben. Auf schriftliche Anfrage werde ich Sie gern \u00fcber die zu Ihrer Person gespeicherten Daten informieren und auf Ihren Wunsch die Daten auch restlos l\u00f6schen. Alle pers\u00f6nlichen Kunden- und Interessentendaten sind auf verschl\u00fcsselten Datentr\u00e4gern gespeichert und nur mit einem Passwort und einem speziellen USB-Stick abrufbar.<\/p>\n<p>Ich weise darauf hin, dass die Daten\u00fcbertragung im Internet (z.B. bei der Kommunikation per E-Mail) Sicherheitsl\u00fccken aufweisen kann. Ein l\u00fcckenloser Schutz der per e-Mail \u00fcbermittelten Daten vor dem Zugriff durch Dritte ist nicht m\u00f6glich.<\/p>\n<p class=\"bodytext\">Der Nutzung von im Rahmen der Impressumspflicht ver\u00f6ffentlichten Kontaktdaten durch Dritte zur \u00dcbersendung von nicht ausdr\u00fccklich angeforderter Werbung und Informationsmaterialien wird hiermit ausdr\u00fccklich widersprochen. Der Seitenbetreiber beh\u00e4lt sich ausdr\u00fccklich rechtliche Schritte im Falle der unverlangten Zusendung von Werbeinformationen, etwa durch Spam-Mails, vor.<\/p>\n<p class=\"bodytext\"><\/p>\n\n\n<p><\/p>\n","protected":false},"excerpt":{"rendered":"<p>Udo MajewskiCami de Establidors, 397E-07141 Marratxi Kontakt Verantwortlicher f\u00fcr den Inhalt: Udo Majewski Diese Webpr\u00e4senz und alle Inhalte unterliegen nationalem und internationalem Recht. Jegliche Vervielf\u00e4ltigung, Weiterverbreitung, Ver\u00e4nderung oder jegliche sonstige Verwendung in egal welchem Medium im Ganzen oder in Teilen, bedarf der ausdr\u00fccklichen und schriftlichen Zustimmung des Seiteninhabers. Ausgenommen von dieser Regelung ist lediglich die [&hellip;]<\/p>\n","protected":false},"author":1,"featured_media":0,"parent":0,"menu_order":4,"comment_status":"closed","ping_status":"open","template":"full-width-page.php","meta":{"footnotes":""},"_links":{"self":[{"href":"https:\/\/mallorca-fotos.info\/index.php?rest_route=\/wp\/v2\/pages\/2"}],"collection":[{"href":"https:\/\/mallorca-fotos.info\/index.php?rest_route=\/wp\/v2\/pages"}],"about":[{"href":"https:\/\/mallorca-fotos.info\/index.php?rest_route=\/wp\/v2\/types\/page"}],"author":[{"embeddable":true,"href":"https:\/\/mallorca-fotos.info\/index.php?rest_route=\/wp\/v2\/users\/1"}],"replies":[{"embeddable":true,"href":"https:\/\/mallorca-fotos.info\/index.php?rest_route=%2Fwp%2Fv2%2Fcomments&post=2"}],"version-history":[{"count":8,"href":"https:\/\/mallorca-fotos.info\/index.php?rest_route=\/wp\/v2\/pages\/2\/revisions"}],"predecessor-version":[{"id":1203,"href":"https:\/\/mallorca-fotos.info\/index.php?rest_route=\/wp\/v2\/pages\/2\/revisions\/1203"}],"wp:attachment":[{"href":"https:\/\/mallorca-fotos.info\/index.php?rest_route=%2Fwp%2Fv2%2Fmedia&parent=2"}],"curies":[{"name":"wp","href":"https:\/\/api.w.org\/{rel}","templated":true}]}}