{"id":195,"date":"2014-03-17T17:13:20","date_gmt":"2014-03-17T15:13:20","guid":{"rendered":"http:\/\/mallorca-fotos.info\/?page_id=195"},"modified":"2020-09-17T19:04:16","modified_gmt":"2020-09-17T17:04:16","slug":"fotos-nutzen","status":"publish","type":"page","link":"https:\/\/mallorca-fotos.info\/?page_id=195","title":{"rendered":"Fotos nutzen"},"content":{"rendered":"<p><span style=\"color: #333333;\"><strong>Was Sie bei einer Nutzung beachten m\u00fcssen<\/strong><\/span><\/p>\n<p><span style=\"color: #333333;\">Die hier ver\u00f6ffentlichen Mallorca-Aufnahmen k\u00f6nnen Sie gerne auch f\u00fcr eigene Projekte verwenden oder in gewerblichen oder nicht gewerblichen Medien publizieren.<\/span><\/p>\n<p><span style=\"color: #333333;\">Die einzige Voraussetzung daf\u00fcr: der Herausgeber muss im Zusammenhang mit der Ver\u00f6ffentlichung und im Umfeld der abgebildeten Aufnahme deutlich sichtbar genannt werden und auf Internetseiten ein Link zu dieser Seite <a href=\"http:\/\/www.mallorca-fotos.info\">www.mallorca-fotos.info<\/a> gesetzt werden.<\/span><\/p>\n","protected":false},"excerpt":{"rendered":"<p>Was Sie bei einer Nutzung beachten m\u00fcssen Die hier ver\u00f6ffentlichen Mallorca-Aufnahmen k\u00f6nnen Sie gerne auch f\u00fcr eigene Projekte verwenden oder in gewerblichen oder nicht gewerblichen Medien publizieren. Die einzige Voraussetzung daf\u00fcr: der Herausgeber muss im Zusammenhang mit der Ver\u00f6ffentlichung und im Umfeld der abgebildeten Aufnahme deutlich sichtbar genannt werden und auf Internetseiten ein Link zu [&hellip;]<\/p>\n","protected":false},"author":1,"featured_media":0,"parent":0,"menu_order":2,"comment_status":"closed","ping_status":"open","template":"","meta":{"footnotes":""},"_links":{"self":[{"href":"https:\/\/mallorca-fotos.info\/index.php?rest_route=\/wp\/v2\/pages\/195"}],"collection":[{"href":"https:\/\/mallorca-fotos.info\/index.php?rest_route=\/wp\/v2\/pages"}],"about":[{"href":"https:\/\/mallorca-fotos.info\/index.php?rest_route=\/wp\/v2\/types\/page"}],"author":[{"embeddable":true,"href":"https:\/\/mallorca-fotos.info\/index.php?rest_route=\/wp\/v2\/users\/1"}],"replies":[{"embeddable":true,"href":"https:\/\/mallorca-fotos.info\/index.php?rest_route=%2Fwp%2Fv2%2Fcomments&post=195"}],"version-history":[{"count":7,"href":"https:\/\/mallorca-fotos.info\/index.php?rest_route=\/wp\/v2\/pages\/195\/revisions"}],"predecessor-version":[{"id":1198,"href":"https:\/\/mallorca-fotos.info\/index.php?rest_route=\/wp\/v2\/pages\/195\/revisions\/1198"}],"wp:attachment":[{"href":"https:\/\/mallorca-fotos.info\/index.php?rest_route=%2Fwp%2Fv2%2Fmedia&parent=195"}],"curies":[{"name":"wp","href":"https:\/\/api.w.org\/{rel}","templated":true}]}}